{"id":20,"date":"2026-04-01T10:08:21","date_gmt":"2026-04-01T10:08:21","guid":{"rendered":"https:\/\/fixaroma.com.br\/?post_type=product&#038;p=20"},"modified":"2026-04-01T10:08:21","modified_gmt":"2026-04-01T10:08:21","slug":"perfume-lattafa-yara-eau-de-parfum-feminino-100ml","status":"publish","type":"product","link":"https:\/\/fixaroma.com.br\/index.php\/produto\/perfume-lattafa-yara-eau-de-parfum-feminino-100ml\/","title":{"rendered":"Perfume Lattafa Yara Eau de Parfum Feminino 100ML"},"content":{"rendered":"<p data-start=\"514\" data-end=\"725\">Uma fragr\u00e2ncia feminina envolvente, doce na medida certa e extremamente elegante. O Yara \u00e9 ideal para mulheres que querem deixar presen\u00e7a marcante sem exagero \u2014 um perfume que chama aten\u00e7\u00e3o de forma sofisticada.<\/p>\n<hr data-start=\"727\" data-end=\"730\" \/>\n<h3 data-section-id=\"1f7k3ow\" data-start=\"732\" data-end=\"762\">\u2728 Por que escolher o Yara?<\/h3>\n<ul data-start=\"764\" data-end=\"994\">\n<li data-section-id=\"797dge\" data-start=\"764\" data-end=\"815\">Perfume importado com excelente custo-benef\u00edcio<\/li>\n<li data-section-id=\"wpiow6\" data-start=\"816\" data-end=\"849\">Aroma doce, cremoso e moderno<\/li>\n<li data-section-id=\"1mrrnle\" data-start=\"850\" data-end=\"890\">Alta fixa\u00e7\u00e3o na pele (Eau de Parfum)<\/li>\n<li data-section-id=\"1jsxno1\" data-start=\"891\" data-end=\"941\">Perfeito para uso di\u00e1rio ou ocasi\u00f5es especiais<\/li>\n<li data-section-id=\"1lxu2hh\" data-start=\"942\" data-end=\"994\">Um dos perfumes \u00e1rabes femininos mais procurados<\/li>\n<\/ul>\n<hr data-start=\"996\" data-end=\"999\" \/>\n<h3 data-section-id=\"9uv4zr\" data-start=\"1001\" data-end=\"1025\">\ud83c\udf3f Pir\u00e2mide Olfativa<\/h3>\n<p data-start=\"1027\" data-end=\"1191\"><strong data-start=\"1027\" data-end=\"1045\">Notas de Topo:<\/strong> Orqu\u00eddea, Heliotr\u00f3pio e Tangerina<br data-start=\"1079\" data-end=\"1082\" \/><strong data-start=\"1082\" data-end=\"1103\">Notas de Cora\u00e7\u00e3o:<\/strong> Acorde Gourmand e Frutas Tropicais<br data-start=\"1138\" data-end=\"1141\" \/><strong data-start=\"1141\" data-end=\"1160\">Notas de Fundo:<\/strong> Baunilha, Alm\u00edscar e S\u00e2ndalo<\/p>\n<p data-start=\"1193\" data-end=\"1300\">\u27a1 Resultado: um perfume <strong data-start=\"1217\" data-end=\"1235\">\u00e2mbar baunilha<\/strong>, com toque frutado e cremoso, extremamente agrad\u00e1vel e feminino.<\/p>\n<hr data-start=\"1302\" data-end=\"1305\" \/>\n<h3 data-section-id=\"17iun6e\" data-start=\"1307\" data-end=\"1329\">\ud83d\udc8e Caracter\u00edsticas<\/h3>\n<ul data-start=\"1331\" data-end=\"1463\">\n<li data-section-id=\"h6b72d\" data-start=\"1331\" data-end=\"1349\">Marca: Lattafa<\/li>\n<li data-section-id=\"15j5gyw\" data-start=\"1350\" data-end=\"1370\">G\u00eanero: Feminino<\/li>\n<li data-section-id=\"7kvwy1\" data-start=\"1371\" data-end=\"1408\">Concentra\u00e7\u00e3o: Eau de Parfum (EDP)<\/li>\n<li data-section-id=\"pe9jmy\" data-start=\"1409\" data-end=\"1426\">Volume: 100ML<\/li>\n<li data-section-id=\"5ggmad\" data-start=\"1427\" data-end=\"1463\">Fam\u00edlia Olfativa: \u00c2mbar Baunilha<\/li>\n<\/ul>\n<hr data-start=\"1465\" data-end=\"1468\" \/>\n<h3 data-section-id=\"12ptwa9\" data-start=\"1470\" data-end=\"1502\">\ud83c\udfaf Para quem \u00e9 esse perfume?<\/h3>\n<p data-start=\"1504\" data-end=\"1550\">Ideal para mulheres que gostam de fragr\u00e2ncias:<\/p>\n<p data-start=\"1552\" data-end=\"1639\">\u2714 Doces e envolventes<br data-start=\"1573\" data-end=\"1576\" \/>\u2714 Elegantes e modernas<br data-start=\"1598\" data-end=\"1601\" \/>\u2714 Que recebem elogios com facilidade<\/p>\n<hr data-start=\"1641\" data-end=\"1644\" \/>\n<h3 data-section-id=\"1pu7zv9\" data-start=\"1646\" data-end=\"1675\">\ud83d\udce6 Informa\u00e7\u00f5es adicionais<\/h3>\n<ul data-start=\"1677\" data-end=\"1776\">\n<li data-section-id=\"c2h2kl\" data-start=\"1677\" data-end=\"1707\">Produto original e lacrado<\/li>\n<li data-section-id=\"1fos1v8\" data-start=\"1708\" data-end=\"1740\">Excelente fixa\u00e7\u00e3o e proje\u00e7\u00e3o<\/li>\n<li data-section-id=\"12uraqw\" data-start=\"1741\" data-end=\"1776\">Envio r\u00e1pido para todo o Brasil<\/li>\n<\/ul>\n","protected":false},"excerpt":{"rendered":"<p data-start=\"514\" data-end=\"725\">Uma fragr\u00e2ncia feminina envolvente, doce na medida certa e extremamente elegante. O Yara \u00e9 ideal para mulheres que querem deixar presen\u00e7a marcante sem exagero \u2014 um perfume que chama aten\u00e7\u00e3o de forma sofisticada.<\/p>\n","protected":false},"featured_media":21,"comment_status":"open","ping_status":"closed","template":"","meta":[],"product_brand":[],"product_cat":[17],"product_tag":[],"class_list":{"0":"post-20","1":"product","2":"type-product","3":"status-publish","4":"has-post-thumbnail","6":"product_cat-feminino","8":"first","9":"instock","10":"shipping-taxable","11":"purchasable","12":"product-type-simple"},"yoast_head":"<!-- This site is optimized with the Yoast SEO plugin v27.3 - https:\/\/yoast.com\/product\/yoast-seo-wordpress\/ -->\n<title>Perfume Lattafa Yara Eau de Parfum Feminino 100ML - FixAroma<\/title>\n<meta name=\"robots\" content=\"index, follow, max-snippet:-1, max-image-preview:large, max-video-preview:-1\" \/>\n<link rel=\"canonical\" href=\"https:\/\/fixaroma.com.br\/index.php\/produto\/perfume-lattafa-yara-eau-de-parfum-feminino-100ml\/\" \/>\n<meta property=\"og:locale\" content=\"pt_BR\" \/>\n<meta property=\"og:type\" content=\"article\" \/>\n<meta property=\"og:title\" content=\"Perfume Lattafa Yara Eau de Parfum Feminino 100ML - FixAroma\" \/>\n<meta property=\"og:description\" content=\"Uma fragr\u00e2ncia feminina envolvente, doce na medida certa e extremamente elegante. O Yara \u00e9 ideal para mulheres que querem deixar presen\u00e7a marcante sem exagero \u2014 um perfume que chama aten\u00e7\u00e3o de forma sofisticada.\" \/>\n<meta property=\"og:url\" content=\"https:\/\/fixaroma.com.br\/index.php\/produto\/perfume-lattafa-yara-eau-de-parfum-feminino-100ml\/\" \/>\n<meta property=\"og:site_name\" content=\"FixAroma\" \/>\n<meta property=\"og:image\" content=\"https:\/\/fixaroma.com.br\/wp-content\/uploads\/2026\/04\/D_NQ_NP_2X_886297-MLB93569120722_102025-F.webp\" \/>\n\t<meta property=\"og:image:width\" content=\"1198\" \/>\n\t<meta property=\"og:image:height\" content=\"1149\" \/>\n\t<meta property=\"og:image:type\" content=\"image\/webp\" \/>\n<meta name=\"twitter:card\" content=\"summary_large_image\" \/>\n<meta name=\"twitter:label1\" content=\"Est. tempo de leitura\" \/>\n\t<meta name=\"twitter:data1\" content=\"2 minutos\" \/>\n<script type=\"application\/ld+json\" class=\"yoast-schema-graph\">{\"@context\":\"https:\\\/\\\/schema.org\",\"@graph\":[{\"@type\":\"WebPage\",\"@id\":\"https:\\\/\\\/fixaroma.com.br\\\/index.php\\\/produto\\\/perfume-lattafa-yara-eau-de-parfum-feminino-100ml\\\/\",\"url\":\"https:\\\/\\\/fixaroma.com.br\\\/index.php\\\/produto\\\/perfume-lattafa-yara-eau-de-parfum-feminino-100ml\\\/\",\"name\":\"Perfume Lattafa Yara Eau de Parfum Feminino 100ML - FixAroma\",\"isPartOf\":{\"@id\":\"https:\\\/\\\/fixaroma.com.br\\\/#website\"},\"primaryImageOfPage\":{\"@id\":\"https:\\\/\\\/fixaroma.com.br\\\/index.php\\\/produto\\\/perfume-lattafa-yara-eau-de-parfum-feminino-100ml\\\/#primaryimage\"},\"image\":{\"@id\":\"https:\\\/\\\/fixaroma.com.br\\\/index.php\\\/produto\\\/perfume-lattafa-yara-eau-de-parfum-feminino-100ml\\\/#primaryimage\"},\"thumbnailUrl\":\"https:\\\/\\\/fixaroma.com.br\\\/wp-content\\\/uploads\\\/2026\\\/04\\\/D_NQ_NP_2X_886297-MLB93569120722_102025-F.webp\",\"datePublished\":\"2026-04-01T10:08:21+00:00\",\"breadcrumb\":{\"@id\":\"https:\\\/\\\/fixaroma.com.br\\\/index.php\\\/produto\\\/perfume-lattafa-yara-eau-de-parfum-feminino-100ml\\\/#breadcrumb\"},\"inLanguage\":\"pt-BR\",\"potentialAction\":[{\"@type\":\"ReadAction\",\"target\":[\"https:\\\/\\\/fixaroma.com.br\\\/index.php\\\/produto\\\/perfume-lattafa-yara-eau-de-parfum-feminino-100ml\\\/\"]}]},{\"@type\":\"ImageObject\",\"inLanguage\":\"pt-BR\",\"@id\":\"https:\\\/\\\/fixaroma.com.br\\\/index.php\\\/produto\\\/perfume-lattafa-yara-eau-de-parfum-feminino-100ml\\\/#primaryimage\",\"url\":\"https:\\\/\\\/fixaroma.com.br\\\/wp-content\\\/uploads\\\/2026\\\/04\\\/D_NQ_NP_2X_886297-MLB93569120722_102025-F.webp\",\"contentUrl\":\"https:\\\/\\\/fixaroma.com.br\\\/wp-content\\\/uploads\\\/2026\\\/04\\\/D_NQ_NP_2X_886297-MLB93569120722_102025-F.webp\",\"width\":1198,\"height\":1149},{\"@type\":\"BreadcrumbList\",\"@id\":\"https:\\\/\\\/fixaroma.com.br\\\/index.php\\\/produto\\\/perfume-lattafa-yara-eau-de-parfum-feminino-100ml\\\/#breadcrumb\",\"itemListElement\":[{\"@type\":\"ListItem\",\"position\":1,\"name\":\"In\u00edcio\",\"item\":\"https:\\\/\\\/fixaroma.com.br\\\/\"},{\"@type\":\"ListItem\",\"position\":2,\"name\":\"Loja\",\"item\":\"https:\\\/\\\/fixaroma.com.br\\\/index.php\\\/loja\\\/\"},{\"@type\":\"ListItem\",\"position\":3,\"name\":\"Perfume Lattafa Yara Eau de Parfum Feminino 100ML\"}]},{\"@type\":\"WebSite\",\"@id\":\"https:\\\/\\\/fixaroma.com.br\\\/#website\",\"url\":\"https:\\\/\\\/fixaroma.com.br\\\/\",\"name\":\"FixAroma\",\"description\":\"Deixe seu rastro\",\"publisher\":{\"@id\":\"https:\\\/\\\/fixaroma.com.br\\\/#organization\"},\"potentialAction\":[{\"@type\":\"SearchAction\",\"target\":{\"@type\":\"EntryPoint\",\"urlTemplate\":\"https:\\\/\\\/fixaroma.com.br\\\/?s={search_term_string}\"},\"query-input\":{\"@type\":\"PropertyValueSpecification\",\"valueRequired\":true,\"valueName\":\"search_term_string\"}}],\"inLanguage\":\"pt-BR\"},{\"@type\":\"Organization\",\"@id\":\"https:\\\/\\\/fixaroma.com.br\\\/#organization\",\"name\":\"FixAroma\",\"url\":\"https:\\\/\\\/fixaroma.com.br\\\/\",\"logo\":{\"@type\":\"ImageObject\",\"inLanguage\":\"pt-BR\",\"@id\":\"https:\\\/\\\/fixaroma.com.br\\\/#\\\/schema\\\/logo\\\/image\\\/\",\"url\":\"https:\\\/\\\/fixaroma.com.br\\\/wp-content\\\/uploads\\\/2026\\\/04\\\/cropped-27135630-b68e-4c02-a346-bb725cec89fe-e1775134457552.png\",\"contentUrl\":\"https:\\\/\\\/fixaroma.com.br\\\/wp-content\\\/uploads\\\/2026\\\/04\\\/cropped-27135630-b68e-4c02-a346-bb725cec89fe-e1775134457552.png\",\"width\":173,\"height\":71,\"caption\":\"FixAroma\"},\"image\":{\"@id\":\"https:\\\/\\\/fixaroma.com.br\\\/#\\\/schema\\\/logo\\\/image\\\/\"}}]}<\/script>\n<!-- \/ Yoast SEO plugin. -->","yoast_head_json":{"title":"Perfume Lattafa Yara Eau de Parfum Feminino 100ML - FixAroma","robots":{"index":"index","follow":"follow","max-snippet":"max-snippet:-1","max-image-preview":"max-image-preview:large","max-video-preview":"max-video-preview:-1"},"canonical":"https:\/\/fixaroma.com.br\/index.php\/produto\/perfume-lattafa-yara-eau-de-parfum-feminino-100ml\/","og_locale":"pt_BR","og_type":"article","og_title":"Perfume Lattafa Yara Eau de Parfum Feminino 100ML - FixAroma","og_description":"Uma fragr\u00e2ncia feminina envolvente, doce na medida certa e extremamente elegante. O Yara \u00e9 ideal para mulheres que querem deixar presen\u00e7a marcante sem exagero \u2014 um perfume que chama aten\u00e7\u00e3o de forma sofisticada.","og_url":"https:\/\/fixaroma.com.br\/index.php\/produto\/perfume-lattafa-yara-eau-de-parfum-feminino-100ml\/","og_site_name":"FixAroma","og_image":[{"width":1198,"height":1149,"url":"https:\/\/fixaroma.com.br\/wp-content\/uploads\/2026\/04\/D_NQ_NP_2X_886297-MLB93569120722_102025-F.webp","type":"image\/webp"}],"twitter_card":"summary_large_image","twitter_misc":{"Est. tempo de leitura":"2 minutos"},"schema":{"@context":"https:\/\/schema.org","@graph":[{"@type":"WebPage","@id":"https:\/\/fixaroma.com.br\/index.php\/produto\/perfume-lattafa-yara-eau-de-parfum-feminino-100ml\/","url":"https:\/\/fixaroma.com.br\/index.php\/produto\/perfume-lattafa-yara-eau-de-parfum-feminino-100ml\/","name":"Perfume Lattafa Yara Eau de Parfum Feminino 100ML - FixAroma","isPartOf":{"@id":"https:\/\/fixaroma.com.br\/#website"},"primaryImageOfPage":{"@id":"https:\/\/fixaroma.com.br\/index.php\/produto\/perfume-lattafa-yara-eau-de-parfum-feminino-100ml\/#primaryimage"},"image":{"@id":"https:\/\/fixaroma.com.br\/index.php\/produto\/perfume-lattafa-yara-eau-de-parfum-feminino-100ml\/#primaryimage"},"thumbnailUrl":"https:\/\/fixaroma.com.br\/wp-content\/uploads\/2026\/04\/D_NQ_NP_2X_886297-MLB93569120722_102025-F.webp","datePublished":"2026-04-01T10:08:21+00:00","breadcrumb":{"@id":"https:\/\/fixaroma.com.br\/index.php\/produto\/perfume-lattafa-yara-eau-de-parfum-feminino-100ml\/#breadcrumb"},"inLanguage":"pt-BR","potentialAction":[{"@type":"ReadAction","target":["https:\/\/fixaroma.com.br\/index.php\/produto\/perfume-lattafa-yara-eau-de-parfum-feminino-100ml\/"]}]},{"@type":"ImageObject","inLanguage":"pt-BR","@id":"https:\/\/fixaroma.com.br\/index.php\/produto\/perfume-lattafa-yara-eau-de-parfum-feminino-100ml\/#primaryimage","url":"https:\/\/fixaroma.com.br\/wp-content\/uploads\/2026\/04\/D_NQ_NP_2X_886297-MLB93569120722_102025-F.webp","contentUrl":"https:\/\/fixaroma.com.br\/wp-content\/uploads\/2026\/04\/D_NQ_NP_2X_886297-MLB93569120722_102025-F.webp","width":1198,"height":1149},{"@type":"BreadcrumbList","@id":"https:\/\/fixaroma.com.br\/index.php\/produto\/perfume-lattafa-yara-eau-de-parfum-feminino-100ml\/#breadcrumb","itemListElement":[{"@type":"ListItem","position":1,"name":"In\u00edcio","item":"https:\/\/fixaroma.com.br\/"},{"@type":"ListItem","position":2,"name":"Loja","item":"https:\/\/fixaroma.com.br\/index.php\/loja\/"},{"@type":"ListItem","position":3,"name":"Perfume Lattafa Yara Eau de Parfum Feminino 100ML"}]},{"@type":"WebSite","@id":"https:\/\/fixaroma.com.br\/#website","url":"https:\/\/fixaroma.com.br\/","name":"FixAroma","description":"Deixe seu rastro","publisher":{"@id":"https:\/\/fixaroma.com.br\/#organization"},"potentialAction":[{"@type":"SearchAction","target":{"@type":"EntryPoint","urlTemplate":"https:\/\/fixaroma.com.br\/?s={search_term_string}"},"query-input":{"@type":"PropertyValueSpecification","valueRequired":true,"valueName":"search_term_string"}}],"inLanguage":"pt-BR"},{"@type":"Organization","@id":"https:\/\/fixaroma.com.br\/#organization","name":"FixAroma","url":"https:\/\/fixaroma.com.br\/","logo":{"@type":"ImageObject","inLanguage":"pt-BR","@id":"https:\/\/fixaroma.com.br\/#\/schema\/logo\/image\/","url":"https:\/\/fixaroma.com.br\/wp-content\/uploads\/2026\/04\/cropped-27135630-b68e-4c02-a346-bb725cec89fe-e1775134457552.png","contentUrl":"https:\/\/fixaroma.com.br\/wp-content\/uploads\/2026\/04\/cropped-27135630-b68e-4c02-a346-bb725cec89fe-e1775134457552.png","width":173,"height":71,"caption":"FixAroma"},"image":{"@id":"https:\/\/fixaroma.com.br\/#\/schema\/logo\/image\/"}}]}},"jetpack_sharing_enabled":true,"_links":{"self":[{"href":"https:\/\/fixaroma.com.br\/index.php\/wp-json\/wp\/v2\/product\/20","targetHints":{"allow":["GET"]}}],"collection":[{"href":"https:\/\/fixaroma.com.br\/index.php\/wp-json\/wp\/v2\/product"}],"about":[{"href":"https:\/\/fixaroma.com.br\/index.php\/wp-json\/wp\/v2\/types\/product"}],"replies":[{"embeddable":true,"href":"https:\/\/fixaroma.com.br\/index.php\/wp-json\/wp\/v2\/comments?post=20"}],"wp:featuredmedia":[{"embeddable":true,"href":"https:\/\/fixaroma.com.br\/index.php\/wp-json\/wp\/v2\/media\/21"}],"wp:attachment":[{"href":"https:\/\/fixaroma.com.br\/index.php\/wp-json\/wp\/v2\/media?parent=20"}],"wp:term":[{"taxonomy":"product_brand","embeddable":true,"href":"https:\/\/fixaroma.com.br\/index.php\/wp-json\/wp\/v2\/product_brand?post=20"},{"taxonomy":"product_cat","embeddable":true,"href":"https:\/\/fixaroma.com.br\/index.php\/wp-json\/wp\/v2\/product_cat?post=20"},{"taxonomy":"product_tag","embeddable":true,"href":"https:\/\/fixaroma.com.br\/index.php\/wp-json\/wp\/v2\/product_tag?post=20"}],"curies":[{"name":"wp","href":"https:\/\/api.w.org\/{rel}","templated":true}]}}