{"id":77,"date":"2026-04-02T19:08:07","date_gmt":"2026-04-02T19:08:07","guid":{"rendered":"https:\/\/fixaroma.com.br\/?post_type=product&#038;p=77"},"modified":"2026-04-02T19:08:07","modified_gmt":"2026-04-02T19:08:07","slug":"perfume-armaf-club-de-nuit-iconic-eau-de-parfum-masculino-105ml","status":"publish","type":"product","link":"https:\/\/fixaroma.com.br\/index.php\/produto\/perfume-armaf-club-de-nuit-iconic-eau-de-parfum-masculino-105ml\/","title":{"rendered":"Perfume Armaf Club de Nuit Iconic Eau de Parfum Masculino 105ML"},"content":{"rendered":"<p data-start=\"352\" data-end=\"550\">O Club de Nuit Iconic \u00e9 um perfume masculino moderno, fresco e sofisticado \u2014 ideal para quem busca eleg\u00e2ncia com leveza. Uma fragr\u00e2ncia equilibrada, com abertura c\u00edtrica e fundo amadeirado refinado.<\/p>\n<hr data-start=\"552\" data-end=\"555\" \/>\n<h3 data-section-id=\"1hoyk7n\" data-start=\"557\" data-end=\"589\">\u26a1 Por que escolher o Iconic?<\/h3>\n<ul data-start=\"591\" data-end=\"799\">\n<li data-section-id=\"1nx4iux\" data-start=\"591\" data-end=\"629\">Aroma fresco com toque sofisticado<\/li>\n<li data-section-id=\"1jxwd52\" data-start=\"630\" data-end=\"661\">Perfume elegante e vers\u00e1til<\/li>\n<li data-section-id=\"o2kwj3\" data-start=\"662\" data-end=\"702\">Ideal para uso di\u00e1rio e clima quente<\/li>\n<li data-section-id=\"1kfpe0m\" data-start=\"703\" data-end=\"745\">Excelente aceita\u00e7\u00e3o (f\u00e1cil de agradar)<\/li>\n<li data-section-id=\"15fpfih\" data-start=\"746\" data-end=\"799\">Alternativa acess\u00edvel ao estilo do Bleu de Chanel<\/li>\n<\/ul>\n<hr data-start=\"801\" data-end=\"804\" \/>\n<h3 data-section-id=\"9uv4zr\" data-start=\"806\" data-end=\"830\">\ud83c\udf3f Pir\u00e2mide Olfativa<\/h3>\n<p data-start=\"832\" data-end=\"1054\"><strong data-start=\"832\" data-end=\"850\">Notas de Topo:<\/strong> Toranja, Lim\u00e3o, Hortel\u00e3, Pimenta Rosa e Coentro<br data-start=\"898\" data-end=\"901\" \/><strong data-start=\"901\" data-end=\"922\">Notas de Cora\u00e7\u00e3o:<\/strong> Gengibre, Mel\u00e3o, Jasmim e Noz-Moscada<br data-start=\"960\" data-end=\"963\" \/><strong data-start=\"963\" data-end=\"982\">Notas de Fundo:<\/strong> Incenso, Notas Amadeiradas, \u00c2mbar, S\u00e2ndalo, Cedro, Patchouli e L\u00e1dano<\/p>\n<p data-start=\"1056\" data-end=\"1150\">\u27a1 Resultado: um perfume <strong data-start=\"1080\" data-end=\"1131\">c\u00edtrico arom\u00e1tico com fundo amadeirado elegante<\/strong>, fresco e moderno.<\/p>\n<hr data-start=\"1152\" data-end=\"1155\" \/>\n<h3 data-section-id=\"17iun6e\" data-start=\"1157\" data-end=\"1179\">\ud83d\udc8e Caracter\u00edsticas<\/h3>\n<ul data-start=\"1181\" data-end=\"1275\">\n<li data-section-id=\"n12ryv\" data-start=\"1181\" data-end=\"1197\">Marca: Armaf<\/li>\n<li data-section-id=\"k7utfo\" data-start=\"1198\" data-end=\"1219\">G\u00eanero: Masculino<\/li>\n<li data-section-id=\"7kvwy1\" data-start=\"1220\" data-end=\"1257\">Concentra\u00e7\u00e3o: Eau de Parfum (EDP)<\/li>\n<li data-section-id=\"pg9esv\" data-start=\"1258\" data-end=\"1275\">Volume: 105ML<\/li>\n<\/ul>\n<hr data-start=\"1277\" data-end=\"1280\" \/>\n<h3 data-section-id=\"fszu8v\" data-start=\"1282\" data-end=\"1301\">\ud83c\udfaf Quando usar?<\/h3>\n<p data-start=\"1303\" data-end=\"1314\">Ideal para:<\/p>\n<p data-start=\"1316\" data-end=\"1381\">\u2714 Dia a dia<br data-start=\"1327\" data-end=\"1330\" \/>\u2714 Trabalho<br data-start=\"1340\" data-end=\"1343\" \/>\u2714 Clima quente<br data-start=\"1357\" data-end=\"1360\" \/>\u2714 Ambientes sociais<\/p>\n<hr data-start=\"1383\" data-end=\"1386\" \/>\n<h3 data-section-id=\"1pu7zv9\" data-start=\"1388\" data-end=\"1417\">\ud83d\udce6 Informa\u00e7\u00f5es adicionais<\/h3>\n<ul data-start=\"1419\" data-end=\"1517\">\n<li data-section-id=\"c2h2kl\" data-start=\"1419\" data-end=\"1449\">Produto original e lacrado<\/li>\n<li data-section-id=\"9563t8\" data-start=\"1450\" data-end=\"1488\">Boa fixa\u00e7\u00e3o e proje\u00e7\u00e3o equilibrada<\/li>\n<li data-section-id=\"1bhx361\" data-start=\"1489\" data-end=\"1517\">Envio para todo o Brasil<\/li>\n<\/ul>\n","protected":false},"excerpt":{"rendered":"<p>O Club de Nuit Iconic \u00e9 um perfume masculino moderno, fresco e sofisticado \u2014 ideal para quem busca eleg\u00e2ncia com leveza. Uma fragr\u00e2ncia equilibrada, com abertura c\u00edtrica e fundo amadeirado refinado. \u26a1 Por que escolher o Iconic? Aroma fresco com toque sofisticado Perfume elegante e vers\u00e1til Ideal para uso di\u00e1rio e clima quente Excelente aceita\u00e7\u00e3o [&hellip;]<\/p>\n","protected":false},"featured_media":78,"comment_status":"open","ping_status":"closed","template":"","meta":[],"product_brand":[],"product_cat":[16],"product_tag":[],"class_list":{"0":"post-77","1":"product","2":"type-product","3":"status-publish","4":"has-post-thumbnail","6":"product_cat-masculino","8":"first","9":"instock","10":"shipping-taxable","11":"product-type-simple"},"yoast_head":"<!-- This site is optimized with the Yoast SEO plugin v27.3 - https:\/\/yoast.com\/product\/yoast-seo-wordpress\/ -->\n<title>Perfume Armaf Club de Nuit Iconic Eau de Parfum Masculino 105ML - FixAroma<\/title>\n<meta name=\"robots\" content=\"index, follow, max-snippet:-1, max-image-preview:large, max-video-preview:-1\" \/>\n<link rel=\"canonical\" href=\"https:\/\/fixaroma.com.br\/index.php\/produto\/perfume-armaf-club-de-nuit-iconic-eau-de-parfum-masculino-105ml\/\" \/>\n<meta property=\"og:locale\" content=\"pt_BR\" \/>\n<meta property=\"og:type\" content=\"article\" \/>\n<meta property=\"og:title\" content=\"Perfume Armaf Club de Nuit Iconic Eau de Parfum Masculino 105ML - FixAroma\" \/>\n<meta property=\"og:description\" content=\"O Club de Nuit Iconic \u00e9 um perfume masculino moderno, fresco e sofisticado \u2014 ideal para quem busca eleg\u00e2ncia com leveza. Uma fragr\u00e2ncia equilibrada, com abertura c\u00edtrica e fundo amadeirado refinado. \u26a1 Por que escolher o Iconic? Aroma fresco com toque sofisticado Perfume elegante e vers\u00e1til Ideal para uso di\u00e1rio e clima quente Excelente aceita\u00e7\u00e3o [&hellip;]\" \/>\n<meta property=\"og:url\" content=\"https:\/\/fixaroma.com.br\/index.php\/produto\/perfume-armaf-club-de-nuit-iconic-eau-de-parfum-masculino-105ml\/\" \/>\n<meta property=\"og:site_name\" content=\"FixAroma\" \/>\n<meta property=\"og:image\" content=\"https:\/\/fixaroma.com.br\/wp-content\/uploads\/2026\/04\/perfume_armaf_club_de_nuit_iconic_eau_de_parfum_masculino_105ml_173980_550x550.jpg\" \/>\n\t<meta property=\"og:image:width\" content=\"550\" \/>\n\t<meta property=\"og:image:height\" content=\"550\" \/>\n\t<meta property=\"og:image:type\" content=\"image\/jpeg\" \/>\n<meta name=\"twitter:card\" content=\"summary_large_image\" \/>\n<meta name=\"twitter:label1\" content=\"Est. tempo de leitura\" \/>\n\t<meta name=\"twitter:data1\" content=\"2 minutos\" \/>\n<script type=\"application\/ld+json\" class=\"yoast-schema-graph\">{\"@context\":\"https:\\\/\\\/schema.org\",\"@graph\":[{\"@type\":\"WebPage\",\"@id\":\"https:\\\/\\\/fixaroma.com.br\\\/index.php\\\/produto\\\/perfume-armaf-club-de-nuit-iconic-eau-de-parfum-masculino-105ml\\\/\",\"url\":\"https:\\\/\\\/fixaroma.com.br\\\/index.php\\\/produto\\\/perfume-armaf-club-de-nuit-iconic-eau-de-parfum-masculino-105ml\\\/\",\"name\":\"Perfume Armaf Club de Nuit Iconic Eau de Parfum Masculino 105ML - FixAroma\",\"isPartOf\":{\"@id\":\"https:\\\/\\\/fixaroma.com.br\\\/#website\"},\"primaryImageOfPage\":{\"@id\":\"https:\\\/\\\/fixaroma.com.br\\\/index.php\\\/produto\\\/perfume-armaf-club-de-nuit-iconic-eau-de-parfum-masculino-105ml\\\/#primaryimage\"},\"image\":{\"@id\":\"https:\\\/\\\/fixaroma.com.br\\\/index.php\\\/produto\\\/perfume-armaf-club-de-nuit-iconic-eau-de-parfum-masculino-105ml\\\/#primaryimage\"},\"thumbnailUrl\":\"https:\\\/\\\/fixaroma.com.br\\\/wp-content\\\/uploads\\\/2026\\\/04\\\/perfume_armaf_club_de_nuit_iconic_eau_de_parfum_masculino_105ml_173980_550x550.jpg\",\"datePublished\":\"2026-04-02T19:08:07+00:00\",\"breadcrumb\":{\"@id\":\"https:\\\/\\\/fixaroma.com.br\\\/index.php\\\/produto\\\/perfume-armaf-club-de-nuit-iconic-eau-de-parfum-masculino-105ml\\\/#breadcrumb\"},\"inLanguage\":\"pt-BR\",\"potentialAction\":[{\"@type\":\"ReadAction\",\"target\":[\"https:\\\/\\\/fixaroma.com.br\\\/index.php\\\/produto\\\/perfume-armaf-club-de-nuit-iconic-eau-de-parfum-masculino-105ml\\\/\"]}]},{\"@type\":\"ImageObject\",\"inLanguage\":\"pt-BR\",\"@id\":\"https:\\\/\\\/fixaroma.com.br\\\/index.php\\\/produto\\\/perfume-armaf-club-de-nuit-iconic-eau-de-parfum-masculino-105ml\\\/#primaryimage\",\"url\":\"https:\\\/\\\/fixaroma.com.br\\\/wp-content\\\/uploads\\\/2026\\\/04\\\/perfume_armaf_club_de_nuit_iconic_eau_de_parfum_masculino_105ml_173980_550x550.jpg\",\"contentUrl\":\"https:\\\/\\\/fixaroma.com.br\\\/wp-content\\\/uploads\\\/2026\\\/04\\\/perfume_armaf_club_de_nuit_iconic_eau_de_parfum_masculino_105ml_173980_550x550.jpg\",\"width\":550,\"height\":550},{\"@type\":\"BreadcrumbList\",\"@id\":\"https:\\\/\\\/fixaroma.com.br\\\/index.php\\\/produto\\\/perfume-armaf-club-de-nuit-iconic-eau-de-parfum-masculino-105ml\\\/#breadcrumb\",\"itemListElement\":[{\"@type\":\"ListItem\",\"position\":1,\"name\":\"In\u00edcio\",\"item\":\"https:\\\/\\\/fixaroma.com.br\\\/\"},{\"@type\":\"ListItem\",\"position\":2,\"name\":\"Loja\",\"item\":\"https:\\\/\\\/fixaroma.com.br\\\/index.php\\\/loja\\\/\"},{\"@type\":\"ListItem\",\"position\":3,\"name\":\"Perfume Armaf Club de Nuit Iconic Eau de Parfum Masculino 105ML\"}]},{\"@type\":\"WebSite\",\"@id\":\"https:\\\/\\\/fixaroma.com.br\\\/#website\",\"url\":\"https:\\\/\\\/fixaroma.com.br\\\/\",\"name\":\"FixAroma\",\"description\":\"Deixe seu rastro\",\"publisher\":{\"@id\":\"https:\\\/\\\/fixaroma.com.br\\\/#organization\"},\"potentialAction\":[{\"@type\":\"SearchAction\",\"target\":{\"@type\":\"EntryPoint\",\"urlTemplate\":\"https:\\\/\\\/fixaroma.com.br\\\/?s={search_term_string}\"},\"query-input\":{\"@type\":\"PropertyValueSpecification\",\"valueRequired\":true,\"valueName\":\"search_term_string\"}}],\"inLanguage\":\"pt-BR\"},{\"@type\":\"Organization\",\"@id\":\"https:\\\/\\\/fixaroma.com.br\\\/#organization\",\"name\":\"FixAroma\",\"url\":\"https:\\\/\\\/fixaroma.com.br\\\/\",\"logo\":{\"@type\":\"ImageObject\",\"inLanguage\":\"pt-BR\",\"@id\":\"https:\\\/\\\/fixaroma.com.br\\\/#\\\/schema\\\/logo\\\/image\\\/\",\"url\":\"https:\\\/\\\/fixaroma.com.br\\\/wp-content\\\/uploads\\\/2026\\\/04\\\/cropped-27135630-b68e-4c02-a346-bb725cec89fe-e1775134457552.png\",\"contentUrl\":\"https:\\\/\\\/fixaroma.com.br\\\/wp-content\\\/uploads\\\/2026\\\/04\\\/cropped-27135630-b68e-4c02-a346-bb725cec89fe-e1775134457552.png\",\"width\":173,\"height\":71,\"caption\":\"FixAroma\"},\"image\":{\"@id\":\"https:\\\/\\\/fixaroma.com.br\\\/#\\\/schema\\\/logo\\\/image\\\/\"}}]}<\/script>\n<!-- \/ Yoast SEO plugin. -->","yoast_head_json":{"title":"Perfume Armaf Club de Nuit Iconic Eau de Parfum Masculino 105ML - FixAroma","robots":{"index":"index","follow":"follow","max-snippet":"max-snippet:-1","max-image-preview":"max-image-preview:large","max-video-preview":"max-video-preview:-1"},"canonical":"https:\/\/fixaroma.com.br\/index.php\/produto\/perfume-armaf-club-de-nuit-iconic-eau-de-parfum-masculino-105ml\/","og_locale":"pt_BR","og_type":"article","og_title":"Perfume Armaf Club de Nuit Iconic Eau de Parfum Masculino 105ML - FixAroma","og_description":"O Club de Nuit Iconic \u00e9 um perfume masculino moderno, fresco e sofisticado \u2014 ideal para quem busca eleg\u00e2ncia com leveza. Uma fragr\u00e2ncia equilibrada, com abertura c\u00edtrica e fundo amadeirado refinado. \u26a1 Por que escolher o Iconic? Aroma fresco com toque sofisticado Perfume elegante e vers\u00e1til Ideal para uso di\u00e1rio e clima quente Excelente aceita\u00e7\u00e3o [&hellip;]","og_url":"https:\/\/fixaroma.com.br\/index.php\/produto\/perfume-armaf-club-de-nuit-iconic-eau-de-parfum-masculino-105ml\/","og_site_name":"FixAroma","og_image":[{"width":550,"height":550,"url":"https:\/\/fixaroma.com.br\/wp-content\/uploads\/2026\/04\/perfume_armaf_club_de_nuit_iconic_eau_de_parfum_masculino_105ml_173980_550x550.jpg","type":"image\/jpeg"}],"twitter_card":"summary_large_image","twitter_misc":{"Est. tempo de leitura":"2 minutos"},"schema":{"@context":"https:\/\/schema.org","@graph":[{"@type":"WebPage","@id":"https:\/\/fixaroma.com.br\/index.php\/produto\/perfume-armaf-club-de-nuit-iconic-eau-de-parfum-masculino-105ml\/","url":"https:\/\/fixaroma.com.br\/index.php\/produto\/perfume-armaf-club-de-nuit-iconic-eau-de-parfum-masculino-105ml\/","name":"Perfume Armaf Club de Nuit Iconic Eau de Parfum Masculino 105ML - FixAroma","isPartOf":{"@id":"https:\/\/fixaroma.com.br\/#website"},"primaryImageOfPage":{"@id":"https:\/\/fixaroma.com.br\/index.php\/produto\/perfume-armaf-club-de-nuit-iconic-eau-de-parfum-masculino-105ml\/#primaryimage"},"image":{"@id":"https:\/\/fixaroma.com.br\/index.php\/produto\/perfume-armaf-club-de-nuit-iconic-eau-de-parfum-masculino-105ml\/#primaryimage"},"thumbnailUrl":"https:\/\/fixaroma.com.br\/wp-content\/uploads\/2026\/04\/perfume_armaf_club_de_nuit_iconic_eau_de_parfum_masculino_105ml_173980_550x550.jpg","datePublished":"2026-04-02T19:08:07+00:00","breadcrumb":{"@id":"https:\/\/fixaroma.com.br\/index.php\/produto\/perfume-armaf-club-de-nuit-iconic-eau-de-parfum-masculino-105ml\/#breadcrumb"},"inLanguage":"pt-BR","potentialAction":[{"@type":"ReadAction","target":["https:\/\/fixaroma.com.br\/index.php\/produto\/perfume-armaf-club-de-nuit-iconic-eau-de-parfum-masculino-105ml\/"]}]},{"@type":"ImageObject","inLanguage":"pt-BR","@id":"https:\/\/fixaroma.com.br\/index.php\/produto\/perfume-armaf-club-de-nuit-iconic-eau-de-parfum-masculino-105ml\/#primaryimage","url":"https:\/\/fixaroma.com.br\/wp-content\/uploads\/2026\/04\/perfume_armaf_club_de_nuit_iconic_eau_de_parfum_masculino_105ml_173980_550x550.jpg","contentUrl":"https:\/\/fixaroma.com.br\/wp-content\/uploads\/2026\/04\/perfume_armaf_club_de_nuit_iconic_eau_de_parfum_masculino_105ml_173980_550x550.jpg","width":550,"height":550},{"@type":"BreadcrumbList","@id":"https:\/\/fixaroma.com.br\/index.php\/produto\/perfume-armaf-club-de-nuit-iconic-eau-de-parfum-masculino-105ml\/#breadcrumb","itemListElement":[{"@type":"ListItem","position":1,"name":"In\u00edcio","item":"https:\/\/fixaroma.com.br\/"},{"@type":"ListItem","position":2,"name":"Loja","item":"https:\/\/fixaroma.com.br\/index.php\/loja\/"},{"@type":"ListItem","position":3,"name":"Perfume Armaf Club de Nuit Iconic Eau de Parfum Masculino 105ML"}]},{"@type":"WebSite","@id":"https:\/\/fixaroma.com.br\/#website","url":"https:\/\/fixaroma.com.br\/","name":"FixAroma","description":"Deixe seu rastro","publisher":{"@id":"https:\/\/fixaroma.com.br\/#organization"},"potentialAction":[{"@type":"SearchAction","target":{"@type":"EntryPoint","urlTemplate":"https:\/\/fixaroma.com.br\/?s={search_term_string}"},"query-input":{"@type":"PropertyValueSpecification","valueRequired":true,"valueName":"search_term_string"}}],"inLanguage":"pt-BR"},{"@type":"Organization","@id":"https:\/\/fixaroma.com.br\/#organization","name":"FixAroma","url":"https:\/\/fixaroma.com.br\/","logo":{"@type":"ImageObject","inLanguage":"pt-BR","@id":"https:\/\/fixaroma.com.br\/#\/schema\/logo\/image\/","url":"https:\/\/fixaroma.com.br\/wp-content\/uploads\/2026\/04\/cropped-27135630-b68e-4c02-a346-bb725cec89fe-e1775134457552.png","contentUrl":"https:\/\/fixaroma.com.br\/wp-content\/uploads\/2026\/04\/cropped-27135630-b68e-4c02-a346-bb725cec89fe-e1775134457552.png","width":173,"height":71,"caption":"FixAroma"},"image":{"@id":"https:\/\/fixaroma.com.br\/#\/schema\/logo\/image\/"}}]}},"jetpack_sharing_enabled":true,"_links":{"self":[{"href":"https:\/\/fixaroma.com.br\/index.php\/wp-json\/wp\/v2\/product\/77","targetHints":{"allow":["GET"]}}],"collection":[{"href":"https:\/\/fixaroma.com.br\/index.php\/wp-json\/wp\/v2\/product"}],"about":[{"href":"https:\/\/fixaroma.com.br\/index.php\/wp-json\/wp\/v2\/types\/product"}],"replies":[{"embeddable":true,"href":"https:\/\/fixaroma.com.br\/index.php\/wp-json\/wp\/v2\/comments?post=77"}],"wp:featuredmedia":[{"embeddable":true,"href":"https:\/\/fixaroma.com.br\/index.php\/wp-json\/wp\/v2\/media\/78"}],"wp:attachment":[{"href":"https:\/\/fixaroma.com.br\/index.php\/wp-json\/wp\/v2\/media?parent=77"}],"wp:term":[{"taxonomy":"product_brand","embeddable":true,"href":"https:\/\/fixaroma.com.br\/index.php\/wp-json\/wp\/v2\/product_brand?post=77"},{"taxonomy":"product_cat","embeddable":true,"href":"https:\/\/fixaroma.com.br\/index.php\/wp-json\/wp\/v2\/product_cat?post=77"},{"taxonomy":"product_tag","embeddable":true,"href":"https:\/\/fixaroma.com.br\/index.php\/wp-json\/wp\/v2\/product_tag?post=77"}],"curies":[{"name":"wp","href":"https:\/\/api.w.org\/{rel}","templated":true}]}}